{"id":160,"date":"2020-08-19T14:36:49","date_gmt":"2020-08-19T12:36:49","guid":{"rendered":"http:\/\/domainenovis.com\/?page_id=160"},"modified":"2020-10-20T12:09:32","modified_gmt":"2020-10-20T10:09:32","slug":"mentions-legales","status":"publish","type":"page","link":"https:\/\/domainenovis.com\/index.php\/mentions-legales\/","title":{"rendered":"Mentions l\u00e9gales"},"content":{"rendered":"\n<p>EARL Domaine Novis &#8211; 3 impasse du tunnel 42520 SAINT-PIERRE-DE-BOEUF- Tel: 0033 4 74 87 12 05 &#8211; Port: 0033 6 67 40 61 21- <\/p>\n\n\n\n<p>domainenovis@gmail.com<\/p>\n\n\n\n<p>SIREN: 343502944 &#8211;<\/p>\n\n\n\n<p>N\u00b0 TVA: FR 50343502944<\/p>\n\n\n\n<p> mention RCS:343502944 R.C.S Saint Etienne &#8211; Capital social: 83900.00 &#8211; <\/p>\n\n\n\n<p>H\u00e9bergeur du site internet: SAS OVH &#8211; 2 rue Kellermann-59100 Roubaix -FRANCE- <\/p>\n\n\n\n<p>Directeur Publication: Novis Estelle -06 62 43 52 69 &#8211;<\/p>\n\n\n\n<p> L&rsquo;abus d&rsquo;alcool est dangereux pour la sant\u00e9. \u00c0 consommer avec mod\u00e9ration.<\/p>\n","protected":false},"excerpt":{"rendered":"<p>EARL Domaine Novis &#8211; 3 impasse du tunnel 42520 SAINT-PIERRE-DE-BOEUF- Tel: 0033 4 74 87 12 05 &#8211; Port: 0033 6 67 40 61 21- domainenovis@gmail.com SIREN: 343502944 &#8211; N\u00b0 TVA: FR 50343502944 mention RCS:343502944 R.C.S Saint Etienne &#8211; Capital social: 83900.00 &#8211; H\u00e9bergeur du &hellip; <\/p>\n","protected":false},"author":1,"featured_media":0,"parent":0,"menu_order":0,"comment_status":"closed","ping_status":"closed","template":"","meta":{"footnotes":""},"class_list":["post-160","page","type-page","status-publish","hentry"],"_links":{"self":[{"href":"https:\/\/domainenovis.com\/index.php\/wp-json\/wp\/v2\/pages\/160","targetHints":{"allow":["GET"]}}],"collection":[{"href":"https:\/\/domainenovis.com\/index.php\/wp-json\/wp\/v2\/pages"}],"about":[{"href":"https:\/\/domainenovis.com\/index.php\/wp-json\/wp\/v2\/types\/page"}],"author":[{"embeddable":true,"href":"https:\/\/domainenovis.com\/index.php\/wp-json\/wp\/v2\/users\/1"}],"replies":[{"embeddable":true,"href":"https:\/\/domainenovis.com\/index.php\/wp-json\/wp\/v2\/comments?post=160"}],"version-history":[{"count":3,"href":"https:\/\/domainenovis.com\/index.php\/wp-json\/wp\/v2\/pages\/160\/revisions"}],"predecessor-version":[{"id":532,"href":"https:\/\/domainenovis.com\/index.php\/wp-json\/wp\/v2\/pages\/160\/revisions\/532"}],"wp:attachment":[{"href":"https:\/\/domainenovis.com\/index.php\/wp-json\/wp\/v2\/media?parent=160"}],"curies":[{"name":"wp","href":"https:\/\/api.w.org\/{rel}","templated":true}]}}