{"id":1216,"date":"2025-02-28T07:38:17","date_gmt":"2025-02-28T06:38:17","guid":{"rendered":"https:\/\/domainenovis.com\/?page_id=1216"},"modified":"2025-09-03T11:59:30","modified_gmt":"2025-09-03T09:59:30","slug":"20-ans-du-domaine","status":"publish","type":"page","link":"https:\/\/domainenovis.com\/index.php\/20-ans-du-domaine\/","title":{"rendered":"20 ans du domaine"},"content":{"rendered":"\n<p><strong>3 jours de f\u00eate, de d\u00e9couvertes et de partage<\/strong><\/p>\n\n\n\n<p> Les 11, 12 et 13 avril 2025, vous \u00e9tiez nombreux \u00e0 nous rejoindre pour c\u00e9l\u00e9brer les 20 ans du domaine ! Entre d\u00e9gustations, rencontres et surprises, ces trois jours ont \u00e9t\u00e9 riches en \u00e9motions et en d\u00e9couvertes.<\/p>\n\n\n\n<p><strong>Un programme pour tous les go\u00fbts<\/strong> <\/p>\n\n\n\n<p>Que vous ayez opt\u00e9 pour la <em>planche du midi<\/em> ou pour les <em>soir\u00e9es anim\u00e9es<\/em>, chacun a pu vivre l\u2019exp\u00e9rience \u00e0 sa mani\u00e8re. Et cette ann\u00e9e, nous avons voulu innover :<\/p>\n\n\n\n<ul class=\"wp-block-list\">\n<li><strong>Une soir\u00e9e d\u00e9di\u00e9e \u00e0 nos partenaires<\/strong>, rythm\u00e9e par les m\u00e9lodies envo\u00fbtantes du groupe <em>TO FLOW<\/em>.<\/li>\n\n\n\n<li><strong>Une soir\u00e9e exclusive pour nos clients<\/strong>, anim\u00e9e par l\u2019\u00e9nergie contagieuse de <em>Compost<\/em>.<\/li>\n<\/ul>\n\n\n\n<p><strong>La grande d\u00e9couverte : la \u00ab\u00a0VERTICALE\u00a0\u00bb<\/strong> <\/p>\n\n\n\n<p>Cette ann\u00e9e, vous avez pu d\u00e9couvrir un concept unique : <strong>la \u00ab\u00a0VERTICALE\u00a0\u00bb<\/strong>. Mais qu\u2019est-ce que c\u2019est ? Imaginez d\u00e9guster une m\u00eame cuv\u00e9e \u00e0 travers toutes ses ann\u00e9es d\u2019existence, de 2005 \u00e0 2023. Une plong\u00e9e dans le temps, une exp\u00e9rience sensorielle qui a marqu\u00e9 les esprits et les papilles !<\/p>\n\n\n\n<figure class=\"wp-block-gallery has-nested-images columns-default is-cropped wp-block-gallery-1 is-layout-flex wp-block-gallery-is-layout-flex\">\n<figure class=\"wp-block-image size-large\"><img loading=\"lazy\" decoding=\"async\" width=\"1024\" height=\"768\" data-id=\"1458\" src=\"https:\/\/domainenovis.com\/wp-content\/uploads\/2025\/09\/groupe-compost-1024x768.jpg\" alt=\"\" class=\"wp-image-1458\" srcset=\"https:\/\/domainenovis.com\/wp-content\/uploads\/2025\/09\/groupe-compost-1024x768.jpg 1024w, https:\/\/domainenovis.com\/wp-content\/uploads\/2025\/09\/groupe-compost-300x225.jpg 300w, https:\/\/domainenovis.com\/wp-content\/uploads\/2025\/09\/groupe-compost-768x576.jpg 768w, https:\/\/domainenovis.com\/wp-content\/uploads\/2025\/09\/groupe-compost-80x60.jpg 80w, https:\/\/domainenovis.com\/wp-content\/uploads\/2025\/09\/groupe-compost-640x480.jpg 640w, https:\/\/domainenovis.com\/wp-content\/uploads\/2025\/09\/groupe-compost-110x83.jpg 110w, https:\/\/domainenovis.com\/wp-content\/uploads\/2025\/09\/groupe-compost-600x450.jpg 600w, https:\/\/domainenovis.com\/wp-content\/uploads\/2025\/09\/groupe-compost.jpg 1080w\" sizes=\"auto, (max-width: 1024px) 100vw, 1024px\" \/><\/figure>\n\n\n\n<figure class=\"wp-block-image size-large\"><img decoding=\"async\" data-id=\"1456\" src=\"https:\/\/domainenovis.com\/wp-content\/uploads\/2025\/09\/1745424341214-1024x768.jpg\" alt=\"\" class=\"wp-image-1456\"\/><\/figure>\n\n\n\n<figure class=\"wp-block-image size-large\"><img loading=\"lazy\" decoding=\"async\" width=\"1024\" height=\"768\" data-id=\"1469\" src=\"https:\/\/domainenovis.com\/wp-content\/uploads\/2025\/09\/two-flow-1024x768.jpg\" alt=\"\" class=\"wp-image-1469\" srcset=\"https:\/\/domainenovis.com\/wp-content\/uploads\/2025\/09\/two-flow-1024x768.jpg 1024w, https:\/\/domainenovis.com\/wp-content\/uploads\/2025\/09\/two-flow-300x225.jpg 300w, https:\/\/domainenovis.com\/wp-content\/uploads\/2025\/09\/two-flow-768x576.jpg 768w, https:\/\/domainenovis.com\/wp-content\/uploads\/2025\/09\/two-flow-1536x1152.jpg 1536w, https:\/\/domainenovis.com\/wp-content\/uploads\/2025\/09\/two-flow-80x60.jpg 80w, https:\/\/domainenovis.com\/wp-content\/uploads\/2025\/09\/two-flow-640x480.jpg 640w, https:\/\/domainenovis.com\/wp-content\/uploads\/2025\/09\/two-flow-110x83.jpg 110w, https:\/\/domainenovis.com\/wp-content\/uploads\/2025\/09\/two-flow-600x450.jpg 600w, https:\/\/domainenovis.com\/wp-content\/uploads\/2025\/09\/two-flow.jpg 1600w\" sizes=\"auto, (max-width: 1024px) 100vw, 1024px\" \/><\/figure>\n\n\n\n<figure class=\"wp-block-image size-large\"><img loading=\"lazy\" decoding=\"async\" width=\"1024\" height=\"1024\" data-id=\"1465\" src=\"https:\/\/domainenovis.com\/wp-content\/uploads\/2025\/09\/planche-1024x1024.jpg\" alt=\"\" class=\"wp-image-1465\" srcset=\"https:\/\/domainenovis.com\/wp-content\/uploads\/2025\/09\/planche-1024x1024.jpg 1024w, https:\/\/domainenovis.com\/wp-content\/uploads\/2025\/09\/planche-300x300.jpg 300w, https:\/\/domainenovis.com\/wp-content\/uploads\/2025\/09\/planche-150x150.jpg 150w, https:\/\/domainenovis.com\/wp-content\/uploads\/2025\/09\/planche-768x768.jpg 768w, https:\/\/domainenovis.com\/wp-content\/uploads\/2025\/09\/planche-1536x1536.jpg 1536w, https:\/\/domainenovis.com\/wp-content\/uploads\/2025\/09\/planche-60x60.jpg 60w, https:\/\/domainenovis.com\/wp-content\/uploads\/2025\/09\/planche-600x600.jpg 600w, https:\/\/domainenovis.com\/wp-content\/uploads\/2025\/09\/planche.jpg 2048w\" sizes=\"auto, (max-width: 1024px) 100vw, 1024px\" \/><\/figure>\n<\/figure>\n\n\n\n<p><strong>L\u2019\u00e9motion des retours<\/strong> Vos messages, vos sourires et vos compliments nous ont profond\u00e9ment touch\u00e9s. Savoir que vous avez appr\u00e9ci\u00e9 chaque instant nous remplit de fiert\u00e9 et nous motive \u00e0 continuer d\u2019innover.<\/p>\n\n\n\n<figure class=\"wp-block-gallery has-nested-images columns-default is-cropped wp-block-gallery-2 is-layout-flex wp-block-gallery-is-layout-flex\">\n<figure class=\"wp-block-image size-large\"><img loading=\"lazy\" decoding=\"async\" width=\"1024\" height=\"768\" data-id=\"1457\" src=\"https:\/\/domainenovis.com\/wp-content\/uploads\/2025\/09\/delphine-pierre-ben-1024x768.jpg\" alt=\"\" class=\"wp-image-1457\" srcset=\"https:\/\/domainenovis.com\/wp-content\/uploads\/2025\/09\/delphine-pierre-ben-1024x768.jpg 1024w, https:\/\/domainenovis.com\/wp-content\/uploads\/2025\/09\/delphine-pierre-ben-300x225.jpg 300w, https:\/\/domainenovis.com\/wp-content\/uploads\/2025\/09\/delphine-pierre-ben-768x576.jpg 768w, https:\/\/domainenovis.com\/wp-content\/uploads\/2025\/09\/delphine-pierre-ben-1536x1152.jpg 1536w, https:\/\/domainenovis.com\/wp-content\/uploads\/2025\/09\/delphine-pierre-ben-80x60.jpg 80w, https:\/\/domainenovis.com\/wp-content\/uploads\/2025\/09\/delphine-pierre-ben-640x480.jpg 640w, https:\/\/domainenovis.com\/wp-content\/uploads\/2025\/09\/delphine-pierre-ben-110x83.jpg 110w, https:\/\/domainenovis.com\/wp-content\/uploads\/2025\/09\/delphine-pierre-ben-600x450.jpg 600w, https:\/\/domainenovis.com\/wp-content\/uploads\/2025\/09\/delphine-pierre-ben.jpg 2048w\" sizes=\"auto, (max-width: 1024px) 100vw, 1024px\" \/><\/figure>\n\n\n\n<figure class=\"wp-block-image size-large\"><img loading=\"lazy\" decoding=\"async\" width=\"766\" height=\"1024\" data-id=\"1466\" src=\"https:\/\/domainenovis.com\/wp-content\/uploads\/2025\/09\/planches-entre-amis-766x1024.jpg\" alt=\"\" class=\"wp-image-1466\" srcset=\"https:\/\/domainenovis.com\/wp-content\/uploads\/2025\/09\/planches-entre-amis-766x1024.jpg 766w, https:\/\/domainenovis.com\/wp-content\/uploads\/2025\/09\/planches-entre-amis-224x300.jpg 224w, https:\/\/domainenovis.com\/wp-content\/uploads\/2025\/09\/planches-entre-amis-768x1027.jpg 768w, https:\/\/domainenovis.com\/wp-content\/uploads\/2025\/09\/planches-entre-amis-1149x1536.jpg 1149w, https:\/\/domainenovis.com\/wp-content\/uploads\/2025\/09\/planches-entre-amis-45x60.jpg 45w, https:\/\/domainenovis.com\/wp-content\/uploads\/2025\/09\/planches-entre-amis-600x802.jpg 600w, https:\/\/domainenovis.com\/wp-content\/uploads\/2025\/09\/planches-entre-amis.jpg 1197w\" sizes=\"auto, (max-width: 766px) 100vw, 766px\" \/><\/figure>\n\n\n\n<figure class=\"wp-block-image size-large\"><img loading=\"lazy\" decoding=\"async\" width=\"1024\" height=\"768\" data-id=\"1462\" src=\"https:\/\/domainenovis.com\/wp-content\/uploads\/2025\/09\/mathilde-sandrine-frederique-1024x768.jpg\" alt=\"\" class=\"wp-image-1462\" srcset=\"https:\/\/domainenovis.com\/wp-content\/uploads\/2025\/09\/mathilde-sandrine-frederique-1024x768.jpg 1024w, https:\/\/domainenovis.com\/wp-content\/uploads\/2025\/09\/mathilde-sandrine-frederique-300x225.jpg 300w, https:\/\/domainenovis.com\/wp-content\/uploads\/2025\/09\/mathilde-sandrine-frederique-768x576.jpg 768w, https:\/\/domainenovis.com\/wp-content\/uploads\/2025\/09\/mathilde-sandrine-frederique-1536x1152.jpg 1536w, https:\/\/domainenovis.com\/wp-content\/uploads\/2025\/09\/mathilde-sandrine-frederique-80x60.jpg 80w, https:\/\/domainenovis.com\/wp-content\/uploads\/2025\/09\/mathilde-sandrine-frederique-640x480.jpg 640w, https:\/\/domainenovis.com\/wp-content\/uploads\/2025\/09\/mathilde-sandrine-frederique-110x83.jpg 110w, https:\/\/domainenovis.com\/wp-content\/uploads\/2025\/09\/mathilde-sandrine-frederique-600x450.jpg 600w, https:\/\/domainenovis.com\/wp-content\/uploads\/2025\/09\/mathilde-sandrine-frederique.jpg 2048w\" sizes=\"auto, (max-width: 1024px) 100vw, 1024px\" \/><\/figure>\n\n\n\n<figure class=\"wp-block-image size-large\"><img loading=\"lazy\" decoding=\"async\" width=\"1024\" height=\"766\" data-id=\"1461\" src=\"https:\/\/domainenovis.com\/wp-content\/uploads\/2025\/09\/manu-alain-1024x766.jpg\" alt=\"\" class=\"wp-image-1461\" srcset=\"https:\/\/domainenovis.com\/wp-content\/uploads\/2025\/09\/manu-alain-1024x766.jpg 1024w, https:\/\/domainenovis.com\/wp-content\/uploads\/2025\/09\/manu-alain-300x224.jpg 300w, https:\/\/domainenovis.com\/wp-content\/uploads\/2025\/09\/manu-alain-768x575.jpg 768w, https:\/\/domainenovis.com\/wp-content\/uploads\/2025\/09\/manu-alain-1536x1149.jpg 1536w, https:\/\/domainenovis.com\/wp-content\/uploads\/2025\/09\/manu-alain-80x60.jpg 80w, https:\/\/domainenovis.com\/wp-content\/uploads\/2025\/09\/manu-alain-640x480.jpg 640w, https:\/\/domainenovis.com\/wp-content\/uploads\/2025\/09\/manu-alain-110x83.jpg 110w, https:\/\/domainenovis.com\/wp-content\/uploads\/2025\/09\/manu-alain-600x449.jpg 600w, https:\/\/domainenovis.com\/wp-content\/uploads\/2025\/09\/manu-alain.jpg 2048w\" sizes=\"auto, (max-width: 1024px) 100vw, 1024px\" \/><\/figure>\n\n\n\n<figure class=\"wp-block-image size-large\"><img loading=\"lazy\" decoding=\"async\" width=\"768\" height=\"1024\" data-id=\"1464\" src=\"https:\/\/domainenovis.com\/wp-content\/uploads\/2025\/09\/philippe-2-768x1024.jpg\" alt=\"\" class=\"wp-image-1464\" srcset=\"https:\/\/domainenovis.com\/wp-content\/uploads\/2025\/09\/philippe-2-768x1024.jpg 768w, https:\/\/domainenovis.com\/wp-content\/uploads\/2025\/09\/philippe-2-225x300.jpg 225w, https:\/\/domainenovis.com\/wp-content\/uploads\/2025\/09\/philippe-2-1152x1536.jpg 1152w, https:\/\/domainenovis.com\/wp-content\/uploads\/2025\/09\/philippe-2-45x60.jpg 45w, https:\/\/domainenovis.com\/wp-content\/uploads\/2025\/09\/philippe-2-600x800.jpg 600w, https:\/\/domainenovis.com\/wp-content\/uploads\/2025\/09\/philippe-2.jpg 1200w\" sizes=\"auto, (max-width: 768px) 100vw, 768px\" \/><\/figure>\n\n\n\n<figure class=\"wp-block-image size-large\"><img loading=\"lazy\" decoding=\"async\" width=\"1024\" height=\"1024\" data-id=\"1460\" src=\"https:\/\/domainenovis.com\/wp-content\/uploads\/2025\/09\/IMG_20250412_130239-1024x1024.jpg\" alt=\"\" class=\"wp-image-1460\" srcset=\"https:\/\/domainenovis.com\/wp-content\/uploads\/2025\/09\/IMG_20250412_130239-1024x1024.jpg 1024w, https:\/\/domainenovis.com\/wp-content\/uploads\/2025\/09\/IMG_20250412_130239-300x300.jpg 300w, https:\/\/domainenovis.com\/wp-content\/uploads\/2025\/09\/IMG_20250412_130239-150x150.jpg 150w, https:\/\/domainenovis.com\/wp-content\/uploads\/2025\/09\/IMG_20250412_130239-768x768.jpg 768w, https:\/\/domainenovis.com\/wp-content\/uploads\/2025\/09\/IMG_20250412_130239-1536x1536.jpg 1536w, https:\/\/domainenovis.com\/wp-content\/uploads\/2025\/09\/IMG_20250412_130239-2048x2048.jpg 2048w, https:\/\/domainenovis.com\/wp-content\/uploads\/2025\/09\/IMG_20250412_130239-60x60.jpg 60w, https:\/\/domainenovis.com\/wp-content\/uploads\/2025\/09\/IMG_20250412_130239-600x600.jpg 600w\" sizes=\"auto, (max-width: 1024px) 100vw, 1024px\" \/><\/figure>\n<\/figure>\n\n\n\n<p><strong>Un grand merci \u00e0 nos complices<\/strong> Ces portes ouvertes n\u2019auraient pas \u00e9t\u00e9 aussi m\u00e9morables sans :<\/p>\n\n\n\n<ul class=\"wp-block-list\">\n<li><strong>Manduca Traiteur de Condrieu<\/strong> et <strong>Stanislas Paret du restaurant Bellevue des roches-de-Condrieu<\/strong>, dont les mets ont sublim\u00e9 nos vins.<\/li>\n\n\n\n<li><strong>La Ferme du Petit Ramard<\/strong> et <strong>le GAEC du Mont Monnet<\/strong> : des fromages savoureux, reflets de notre terroir.<\/li>\n\n\n\n<li><strong>La Maison Duculty<\/strong> : une charcuterie d\u2019excellence, pour des accords parfaits.<\/li>\n\n\n\n<li><strong>La Ferme des L\u00f4nes<\/strong> : des l\u00e9gumes frais et de saison, qui ont apport\u00e9 une touche de fra\u00eecheur \u00e0 nos assiettes.<\/li>\n\n\n\n<li><strong>Notre \u00e9quipe de choc<\/strong> : des d\u00e9gustations aux jeux olfactifs (une premi\u00e8re cette ann\u00e9e !), en passant par la gestion des commandes, chacun a donn\u00e9 le meilleur de lui-m\u00eame.!<\/li>\n<\/ul>\n\n\n\n<h4 class=\"wp-block-heading\"><strong>Une belle complicit\u00e9 entre g\u00e9n\u00e9rations<\/strong><\/h4>\n\n\n\n<p>Les enfants ont m\u00eame aid\u00e9 les adultes \u00e0 reconna\u00eetre les ar\u00f4mes\u2026 Une belle preuve que le vin et la convivialit\u00e9 se transmettent d\u00e8s le plus jeune \u00e2ge !<\/p>\n\n\n\n<figure class=\"wp-block-gallery has-nested-images columns-default is-cropped wp-block-gallery-3 is-layout-flex wp-block-gallery-is-layout-flex\">\n<figure class=\"wp-block-image size-large\"><img loading=\"lazy\" decoding=\"async\" width=\"768\" height=\"1024\" data-id=\"1472\" src=\"https:\/\/domainenovis.com\/wp-content\/uploads\/2025\/09\/traiteur-brasero-768x1024.jpg\" alt=\"\" class=\"wp-image-1472\" srcset=\"https:\/\/domainenovis.com\/wp-content\/uploads\/2025\/09\/traiteur-brasero-768x1024.jpg 768w, https:\/\/domainenovis.com\/wp-content\/uploads\/2025\/09\/traiteur-brasero-225x300.jpg 225w, https:\/\/domainenovis.com\/wp-content\/uploads\/2025\/09\/traiteur-brasero-1152x1536.jpg 1152w, https:\/\/domainenovis.com\/wp-content\/uploads\/2025\/09\/traiteur-brasero-45x60.jpg 45w, https:\/\/domainenovis.com\/wp-content\/uploads\/2025\/09\/traiteur-brasero-600x800.jpg 600w, https:\/\/domainenovis.com\/wp-content\/uploads\/2025\/09\/traiteur-brasero.jpg 1200w\" sizes=\"auto, (max-width: 768px) 100vw, 768px\" \/><\/figure>\n<\/figure>\n\n\n\n<p><strong>Et maintenant ?<\/strong><\/p>\n\n\n\n<p> Ces 20 ans ne sont qu\u2019un d\u00e9but. Nous avons h\u00e2te de vous retrouver pour de nouvelles aventures, de nouvelles d\u00e9gustations et de nouveaux souvenirs \u00e0 partager.<\/p>\n\n\n\n<figure class=\"wp-block-gallery has-nested-images columns-default is-cropped wp-block-gallery-4 is-layout-flex wp-block-gallery-is-layout-flex\">\n<figure class=\"wp-block-image size-large\"><img loading=\"lazy\" decoding=\"async\" width=\"1024\" height=\"768\" data-id=\"1475\" src=\"https:\/\/domainenovis.com\/wp-content\/uploads\/2025\/09\/danse-martin-1024x768.jpg\" alt=\"\" class=\"wp-image-1475\" srcset=\"https:\/\/domainenovis.com\/wp-content\/uploads\/2025\/09\/danse-martin-1024x768.jpg 1024w, https:\/\/domainenovis.com\/wp-content\/uploads\/2025\/09\/danse-martin-300x225.jpg 300w, https:\/\/domainenovis.com\/wp-content\/uploads\/2025\/09\/danse-martin-768x576.jpg 768w, https:\/\/domainenovis.com\/wp-content\/uploads\/2025\/09\/danse-martin-1536x1152.jpg 1536w, https:\/\/domainenovis.com\/wp-content\/uploads\/2025\/09\/danse-martin-80x60.jpg 80w, https:\/\/domainenovis.com\/wp-content\/uploads\/2025\/09\/danse-martin-640x480.jpg 640w, https:\/\/domainenovis.com\/wp-content\/uploads\/2025\/09\/danse-martin-110x83.jpg 110w, https:\/\/domainenovis.com\/wp-content\/uploads\/2025\/09\/danse-martin-600x450.jpg 600w, https:\/\/domainenovis.com\/wp-content\/uploads\/2025\/09\/danse-martin.jpg 1600w\" sizes=\"auto, (max-width: 1024px) 100vw, 1024px\" \/><\/figure>\n<\/figure>\n","protected":false},"excerpt":{"rendered":"<p>\u00ab\u00a0Du 11 au 13 avril 2025, nos portes ouvertes ont marqu\u00e9 nos 20 ans avec trois jours de f\u00eate, o\u00f9 d\u00e9gustations, verticales surprises et soir\u00e9es anim\u00e9es par TO FLOW et Compost ont ravi petits et grands\u2014sans oublier nos partenaires gourmands, comme Manduca Traiteur et Stanislas Paret, qui ont sublim\u00e9 nos vins avec des mets d\u2019exception.<br \/>\nMerci \u00e0 notre \u00e9quipe polyvalente et \u00e0 vous tous pour ces moments de partage, o\u00f9 m\u00eame les enfants ont brill\u00e9 en guidant les adultes dans notre jeu olfactif in\u00e9dit !\u00a0\u00bb<\/p>\n","protected":false},"author":1,"featured_media":1480,"parent":0,"menu_order":0,"comment_status":"closed","ping_status":"closed","template":"","meta":{"footnotes":""},"class_list":["post-1216","page","type-page","status-publish","has-post-thumbnail","hentry"],"_links":{"self":[{"href":"https:\/\/domainenovis.com\/index.php\/wp-json\/wp\/v2\/pages\/1216","targetHints":{"allow":["GET"]}}],"collection":[{"href":"https:\/\/domainenovis.com\/index.php\/wp-json\/wp\/v2\/pages"}],"about":[{"href":"https:\/\/domainenovis.com\/index.php\/wp-json\/wp\/v2\/types\/page"}],"author":[{"embeddable":true,"href":"https:\/\/domainenovis.com\/index.php\/wp-json\/wp\/v2\/users\/1"}],"replies":[{"embeddable":true,"href":"https:\/\/domainenovis.com\/index.php\/wp-json\/wp\/v2\/comments?post=1216"}],"version-history":[{"count":4,"href":"https:\/\/domainenovis.com\/index.php\/wp-json\/wp\/v2\/pages\/1216\/revisions"}],"predecessor-version":[{"id":1481,"href":"https:\/\/domainenovis.com\/index.php\/wp-json\/wp\/v2\/pages\/1216\/revisions\/1481"}],"wp:featuredmedia":[{"embeddable":true,"href":"https:\/\/domainenovis.com\/index.php\/wp-json\/wp\/v2\/media\/1480"}],"wp:attachment":[{"href":"https:\/\/domainenovis.com\/index.php\/wp-json\/wp\/v2\/media?parent=1216"}],"curies":[{"name":"wp","href":"https:\/\/api.w.org\/{rel}","templated":true}]}}